{"id":903,"date":"2014-06-16T11:41:00","date_gmt":"2014-06-16T11:41:00","guid":{"rendered":"https:\/\/8roomsmadrid.com\/hotel-nuevo-en-madrid-2\/"},"modified":"2021-06-26T16:03:07","modified_gmt":"2021-06-26T16:03:07","slug":"hotel-nuevo-en-madrid-2","status":"publish","type":"page","link":"https:\/\/8roomsmadrid.com\/en\/hotel-nuevo-en-madrid-2\/","title":{"rendered":"Care clean Madrid accommodation comfortable downtown area"},"content":{"rendered":"<p>[et_pb_section fb_built=&#8221;1&#8243; _builder_version=&#8221;3.22&#8243;][et_pb_row _builder_version=&#8221;3.25&#8243; background_size=&#8221;initial&#8221; background_position=&#8221;top_left&#8221; background_repeat=&#8221;repeat&#8221;][et_pb_column type=&#8221;4_4&#8243; _builder_version=&#8221;3.25&#8243; custom_padding=&#8221;|||&#8221; custom_padding__hover=&#8221;|||&#8221;][et_pb_text _builder_version=&#8221;4.4.8&#8243; background_size=&#8221;initial&#8221; background_position=&#8221;top_left&#8221; background_repeat=&#8221;repeat&#8221; hover_enabled=&#8221;0&#8243;]<\/p>\n<p><!-- divi:heading --><\/p>\n<h3 style=\"text-align: center;\"><span style=\"color: #000000;\">Where to find us?<\/span><!-- \/divi:heading --><\/h3>\n<p>&nbsp;<\/p>\n<h4 style=\"text-align: center;\">We are on the second floor of a classic building\u00a0<\/h4>\n<h4 style=\"text-align: center;\">A few minutes walk from the Atocha station!<\/h4>\n<h4 style=\"text-align: center;\">This is our address:<\/h4>\n<p>&nbsp;<\/p>\n<h5 style=\"text-align: center;\"><!-- divi:paragraph --><strong>Paseo Reina Cristina, 8, 2\u00baB &#8211; Madrid<\/strong><\/h5>\n<h5 style=\"text-align: center;\"><strong>Tel.: 0034 91 551 3126<\/strong><\/h5>\n<h5 style=\"text-align: center;\"><strong>Email: info@8roomsmadrid.com<\/strong><\/h5>\n<p><!-- \/divi:paragraph --><\/p>\n<p><!-- divi:html --><br \/><iframe loading=\"lazy\" style=\"border: 0;\" tabindex=\"0\" src=\"https:\/\/www.google.com\/maps\/embed?pb=!1m18!1m12!1m3!1d3038.1031164032224!2d-3.6850739846043874!3d40.40656637936631!2m3!1f0!2f0!3f0!3m2!1i1024!2i768!4f13.1!3m3!1m2!1s0xd4226227748c453%3A0x806c2784c0c467e5!2sPaseo%20de%20la%20R.%20Cristina%2C%208%2C%2028014%20Madrid%2C%20Espa%C3%B1a!5e0!3m2!1ses!2sde!4v1590343673176!5m2!1ses!2sde\" width=\"1100\" height=\"450\" frameborder=\"0\" allowfullscreen=\"allowfullscreen\" aria-hidden=\"false\"><\/iframe><br \/><!-- \/divi:html --><\/p>\n<p><!-- divi:shortcode --><\/p>\n<h3><span style=\"color: #808080;\">How to get to 8Rooms Madrid:<\/span><\/h3>\n<p><!-- \/divi:shortcode --><\/p>\n<p><!-- divi:shortcode --><br \/><div class='one_half'>\n\t\t\t\t\t<h4><span style=\"color: #808080;\">Metro:<\/span><\/h4>\n<p>The closest metro station is Atocha Renfe, only 4 minutes walking distance from 8Rooms Madrid. It is part of metro line 1 (light blue). This station has also access to long and short distance trains. We will provide you with complimentary Metro plans at 8Rooms Madrid should you need one. <a href=\"https:\/\/www.metromadrid.es\" target=\"_blank\" rel=\"noopener noreferrer\">www.metromadrid.es<\/a><\/p>\n<h4><span style=\"color: #808080;\">Bus:<\/span><\/h4>\n<p>Just in front of our door you will find several buses as well as directly in Atocha train station.You can also get the Airport express bus, from there. It will take you directly from the train station to the airport for only 5\u20ac per person. It runs 365 days, 24h a day. The trip from Atocha to the airport usually takes about 25 minutes.<\/p>\n<p>Find more information here: <a href=\"https:\/\/www.emtmadrid.es\" target=\"_blank\" rel=\"noopener noreferrer\">www.emtmadrid.es<\/a><\/p>\n<h4><span style=\"color: #808080;\">Train:<\/span><\/h4>\n<p>Atocha train station is the heart of train communication of Madrid, connecting the city to the rest of the Peninsula, as well as other smaller cities within Madrid. As mentioned above, it is a brief walk away from 8Rooms Madrid, making it the perfect location for a day excursion or some exploring away from Madrid.\n\t\t\t\t<\/div><br \/><div class='one_half et_column_last'>\n\t\t\t\t\t<p>You can also access the airport using the cercan\u00edas train, but it will only take you to the terminal 4. From there, you can access the other terminals using the airport bus. The price is around 2,15\u20ac per person, however, it is free for people with a valid AVE train ticket.<\/p>\n<p>Click here for more information: <a href=\"https:\/\/www.renfe.com\" target=\"_blank\" rel=\"noopener noreferrer\">www.renfe.com<\/a><\/p>\n<h4><span style=\"color: #808080;\">Taxi:<\/span><\/h4>\n<p>If you prefer, you can also call a taxi. Here are some helpful numbers:Teletaxi: (+34) 91 371 21 31Radiotaxi: (+34) 91 447 32 32You can also take a taxi directly on the street. Paseo de la Reina Cristina has a constant transit of taxis. You will identify them because they are white cars with a red line crossing the back doors.<\/p>\n<h4><span style=\"color: #808080;\">Tourist Card:<\/span><\/h4>\n<p>It is the best option if you plan to move around using the public transport. With the tourist card you can use all kinds of public transportation within the Madrid province, without a limit within the validity period. These vary from 24h up to 7 days.<\/p>\n<h4><span style=\"color: #808080;\">Metrobus:<\/span><\/h4>\n<p>10 trips by metro or bus for only 12\u20ac. Metrobus can be used by more than one person.\n\t\t\t\t<\/div><div class='clear'><\/div><\/p>\n<p>&nbsp;<\/p>\n<p>[\/et_pb_text][\/et_pb_column][\/et_pb_row][et_pb_row column_structure=&#8221;1_2,1_2&#8243; _builder_version=&#8221;4.4.8&#8243;][et_pb_column type=&#8221;1_2&#8243; _builder_version=&#8221;4.4.8&#8243;][et_pb_text _builder_version=&#8221;4.4.8&#8243;]<\/p>\n<h3><span style=\"color: #808080;\">Contact us 8Rooms Madrid here:<\/span><\/h3>\n<p><!-- \/divi:shortcode --><\/p>\n<p><!-- divi:shortcode --><br \/>\n<div class=\"wpcf7 no-js\" id=\"wpcf7-f428-o1\" lang=\"es-ES\" dir=\"ltr\">\n<div class=\"screen-reader-response\"><p role=\"status\" aria-live=\"polite\" aria-atomic=\"true\"><\/p> <ul><\/ul><\/div>\n<form action=\"\/en\/wp-json\/wp\/v2\/pages\/903#wpcf7-f428-o1\" method=\"post\" class=\"wpcf7-form init\" aria-label=\"Formulario de contacto\" novalidate=\"novalidate\" data-status=\"init\">\n<div style=\"display: none;\">\n<input type=\"hidden\" name=\"_wpcf7\" value=\"428\" \/>\n<input type=\"hidden\" name=\"_wpcf7_version\" value=\"5.9.8\" \/>\n<input type=\"hidden\" name=\"_wpcf7_locale\" value=\"es_ES\" \/>\n<input type=\"hidden\" name=\"_wpcf7_unit_tag\" value=\"wpcf7-f428-o1\" \/>\n<input type=\"hidden\" name=\"_wpcf7_container_post\" value=\"0\" \/>\n<input type=\"hidden\" name=\"_wpcf7_posted_data_hash\" value=\"\" \/>\n<\/div>\n<p>Nombre\n<\/p>\n<p><span class=\"wpcf7-form-control-wrap\" data-name=\"your-name\"><input size=\"40\" maxlength=\"400\" class=\"wpcf7-form-control wpcf7-text wpcf7-validates-as-required\" aria-required=\"true\" aria-invalid=\"false\" value=\"\" type=\"text\" name=\"your-name\" \/><\/span>\n<\/p>\n<p>E-mail\n<\/p>\n<p><span class=\"wpcf7-form-control-wrap\" data-name=\"your-email\"><input size=\"40\" maxlength=\"400\" class=\"wpcf7-form-control wpcf7-email wpcf7-validates-as-required wpcf7-text wpcf7-validates-as-email\" aria-required=\"true\" aria-invalid=\"false\" value=\"\" type=\"email\" name=\"your-email\" \/><\/span>\n<\/p>\n<p>Comentario\n<\/p>\n<p><span class=\"wpcf7-form-control-wrap\" data-name=\"your-message\"><textarea cols=\"40\" rows=\"10\" maxlength=\"2000\" class=\"wpcf7-form-control wpcf7-textarea\" aria-invalid=\"false\" name=\"your-message\"><\/textarea><\/span>\n<\/p>\n<p>Aviso Legal y Pol\u00edtica de privacidad\n<\/p>\n<p><span class=\"wpcf7-form-control-wrap\" data-name=\"acceptance-877\"><span class=\"wpcf7-form-control wpcf7-acceptance\"><span class=\"wpcf7-list-item\"><input type=\"checkbox\" name=\"acceptance-877\" value=\"1\" aria-invalid=\"false\" \/><\/span><\/span><\/span> Acepto el <a href=\"https:\/\/8roomsmadrid.com\/aviso-legal-y-politica-de-privacidad\/\">aviso legal y la pol\u00edtica de privacidad<\/a>\n<\/p>\n<p><input class=\"wpcf7-form-control wpcf7-submit has-spinner\" type=\"submit\" value=\"Enviar\" \/>\n<\/p><div class=\"wpcf7-response-output\" aria-hidden=\"true\"><\/div>\n<\/form>\n<\/div>\n<\/p>\n<p>[\/et_pb_text][\/et_pb_column][et_pb_column type=&#8221;1_2&#8243; _builder_version=&#8221;4.4.8&#8243;][et_pb_code _builder_version=&#8221;4.4.8&#8243;]<!-- Begin Mailchimp Signup Form --><!-- [et_pb_line_break_holder] --><link href=\"\/\/cdn-images.mailchimp.com\/embedcode\/classic-10_7.css\" rel=\"stylesheet\" type=\"text\/css\"><!-- [et_pb_line_break_holder] --><\/p>\n<style type=\"text\/css\"><!-- [et_pb_line_break_holder] -->\t#mc_embed_signup{background:#fff; clear:left; font:14px Helvetica,Arial,sans-serif; }<!-- [et_pb_line_break_holder] -->\t\/* Add your own Mailchimp form style overrides in your site stylesheet or in this style block.<!-- [et_pb_line_break_holder] -->\t   We recommend moving this block and the preceding CSS link to the HEAD of your HTML file. *\/<!-- [et_pb_line_break_holder] --><\/style>\n<p><!-- [et_pb_line_break_holder] --><\/p>\n<div id=\"mc_embed_signup\"><!-- [et_pb_line_break_holder] --><\/p>\n<form action=\"https:\/\/8roomsmadrid.us17.list-manage.com\/subscribe\/post?u=09c0e09ae6998c7c7d5b4861f&#038;id=718c54badd\" method=\"post\" id=\"mc-embedded-subscribe-form\" name=\"mc-embedded-subscribe-form\" class=\"validate\" target=\"_blank\" novalidate><!-- [et_pb_line_break_holder] -->    <\/p>\n<div id=\"mc_embed_signup_scroll\"><!-- [et_pb_line_break_holder] -->\t<\/p>\n<h2>Subscribe to our newsletter:<\/h2>\n<p><!-- [et_pb_line_break_holder] --><\/p>\n<div class=\"mc-field-group\"><!-- [et_pb_line_break_holder] -->\t<label for=\"mce-FNAME\">Name: <\/label><!-- [et_pb_line_break_holder] -->\t<input type=\"text\" value=\"\" name=\"FNAME\" class=\"required\" id=\"mce-FNAME\"><!-- [et_pb_line_break_holder] --><\/div>\n<p><!-- [et_pb_line_break_holder] --><\/p>\n<div class=\"mc-field-group\"><!-- [et_pb_line_break_holder] -->\t<label for=\"mce-EMAIL\">Email address: <\/label><!-- [et_pb_line_break_holder] -->\t<input type=\"email\" value=\"\" name=\"EMAIL\" class=\"required email\" id=\"mce-EMAIL\"><!-- [et_pb_line_break_holder] --><\/div>\n<p><!-- [et_pb_line_break_holder] --><\/p>\n<div class=\"mc-field-group\"><!-- [et_pb_line_break_holder] -->\t<label for=\"mce-MMERGE3\">Are you travelling for business or leisure? <\/label><!-- [et_pb_line_break_holder] -->\t<input type=\"text\" value=\"\" name=\"MMERGE3\" class=\"required\" id=\"mce-MMERGE3\"><!-- [et_pb_line_break_holder] --><\/div>\n<p><!-- [et_pb_line_break_holder] -->\t<\/p>\n<div id=\"mce-responses\" class=\"clear\"><!-- [et_pb_line_break_holder] -->\t\t<\/p>\n<div class=\"response\" id=\"mce-error-response\" style=\"display:none\"><\/div>\n<p><!-- [et_pb_line_break_holder] -->\t\t<\/p>\n<div class=\"response\" id=\"mce-success-response\" style=\"display:none\"><\/div>\n<p><!-- [et_pb_line_break_holder] -->\t<\/div>\n<p>    <!-- real people should not fill this in and expect good things - do not remove this or risk form bot signups--><!-- [et_pb_line_break_holder] -->    <\/p>\n<div style=\"position: absolute; left: -5000px;\" aria-hidden=\"true\"><input type=\"text\" name=\"b_09c0e09ae6998c7c7d5b4861f_718c54badd\" tabindex=\"-1\" value=\"\"><\/div>\n<p><!-- [et_pb_line_break_holder] -->    <\/p>\n<div class=\"clear\"><input type=\"submit\" value=\"Subscribe\" name=\"subscribe\" id=\"mc-embedded-subscribe\" class=\"button\"><\/div>\n<p><!-- [et_pb_line_break_holder] -->    <\/div>\n<p><!-- [et_pb_line_break_holder] --><\/form>\n<p><!-- [et_pb_line_break_holder] --><\/div>\n<p><!-- [et_pb_line_break_holder] --><script type='text\/javascript' src='\/\/s3.amazonaws.com\/downloads.mailchimp.com\/js\/mc-validate.js'><\/script><script type='text\/javascript'>(function($) {window.fnames = new Array(); window.ftypes = new Array();fnames[1]='FNAME';ftypes[1]='text';fnames[0]='EMAIL';ftypes[0]='email';fnames[3]='MMERGE3';ftypes[3]='text'; \/*<!-- [et_pb_line_break_holder] --> * Translated default messages for the $ validation plugin.<!-- [et_pb_line_break_holder] --> * Locale: ES<!-- [et_pb_line_break_holder] --> *\/<!-- [et_pb_line_break_holder] -->$.extend($.validator.messages, {<!-- [et_pb_line_break_holder] -->  required: \"Este campo es obligatorio.\",<!-- [et_pb_line_break_holder] -->  remote: \"Por favor, rellena este campo.\",<!-- [et_pb_line_break_holder] -->  email: \"Por favor, escribe una direcci\u00f3n de correo v\u00e1lida\",<!-- [et_pb_line_break_holder] -->  url: \"Por favor, escribe una URL v\u00e1lida.\",<!-- [et_pb_line_break_holder] -->  date: \"Por favor, escribe una fecha v\u00e1lida.\",<!-- [et_pb_line_break_holder] -->  dateISO: \"Por favor, escribe una fecha (ISO) v\u00e1lida.\",<!-- [et_pb_line_break_holder] -->  number: \"Por favor, escribe un n\u00famero entero v\u00e1lido.\",<!-- [et_pb_line_break_holder] -->  digits: \"Por favor, escribe s\u00f3lo d\u00edgitos.\",<!-- [et_pb_line_break_holder] -->  creditcard: \"Por favor, escribe un n\u00famero de tarjeta v\u00e1lido.\",<!-- [et_pb_line_break_holder] -->  equalTo: \"Por favor, escribe el mismo valor de nuevo.\",<!-- [et_pb_line_break_holder] -->  accept: \"Por favor, escribe un valor con una extensi\u00f3n aceptada.\",<!-- [et_pb_line_break_holder] -->  maxlength: $.validator.format(\"Por favor, no escribas m\u00e1s de {0} caracteres.\"),<!-- [et_pb_line_break_holder] -->  minlength: $.validator.format(\"Por favor, no escribas menos de {0} caracteres.\"),<!-- [et_pb_line_break_holder] -->  rangelength: $.validator.format(\"Por favor, escribe un valor entre {0} y {1} caracteres.\"),<!-- [et_pb_line_break_holder] -->  range: $.validator.format(\"Por favor, escribe un valor entre {0} y {1}.\"),<!-- [et_pb_line_break_holder] -->  max: $.validator.format(\"Por favor, escribe un valor menor o igual a {0}.\"),<!-- [et_pb_line_break_holder] -->  min: $.validator.format(\"Por favor, escribe un valor mayor o igual a {0}.\")<!-- [et_pb_line_break_holder] -->});}(jQuery));var $mcj = jQuery.noConflict(true);<\/script><!-- [et_pb_line_break_holder] --><!--End mc_embed_signup-->[\/et_pb_code][\/et_pb_column][\/et_pb_row][\/et_pb_section]<\/p>\n","protected":false},"excerpt":{"rendered":"<p>Where to find us? &nbsp; We are on the second floor of a classic building\u00a0 A few minutes walk from the Atocha station! This is our address: &nbsp; Paseo Reina Cristina, 8, 2\u00baB &#8211; Madrid Tel.: 0034 91 551 3126 Email: info@8roomsmadrid.com How to get to 8Rooms Madrid: <div class='one_half'>\n\t\t\t\t\t\n\t\t\t\t<\/div> Metro: The closest metro station is [&hellip;]<\/p>\n","protected":false},"author":4,"featured_media":0,"parent":0,"menu_order":0,"comment_status":"closed","ping_status":"open","template":"","meta":{"_et_pb_use_builder":"on","_et_pb_old_content":"<!-- wp:heading -->\r\n<h2><span style=\"color: #808080;\">Where to find us:<\/span><\/h2>\r\n<!-- \/wp:heading -->\r\n\r\n<!-- wp:paragraph -->\r\n<p>Paseo Reina Cristina, 8, 2\u00baB - Madrid<br><strong>Tel.:<\/strong> 0034 91 551 3126<br><strong>Email:<\/strong> info@8roomsmadrid.com<\/p>\r\n<!-- \/wp:paragraph -->\r\n\r\n<!-- wp:html -->\r\n<iframe src=\"https:\/\/www.google.com\/maps\/embed?pb=!1m18!1m12!1m3!1d3038.1031164032224!2d-3.6850739846043874!3d40.40656637936631!2m3!1f0!2f0!3f0!3m2!1i1024!2i768!4f13.1!3m3!1m2!1s0xd4226227748c453%3A0x806c2784c0c467e5!2sPaseo%20de%20la%20R.%20Cristina%2C%208%2C%2028014%20Madrid%2C%20Espa%C3%B1a!5e0!3m2!1ses!2sde!4v1590343673176!5m2!1ses!2sde\" width=\"450\" height=\"450\" frameborder=\"0\" style=\"border:0;\" allowfullscreen=\"\" aria-hidden=\"false\" tabindex=\"0\"><\/iframe>\r\n<!-- \/wp:html -->\r\n\r\n<!-- wp:shortcode -->\r\n<h1><span style=\"color: #808080;\">How to get to 8Rooms Madrid:<\/span><\/h1>\r\n<!-- \/wp:shortcode -->\r\n\r\n<!-- wp:shortcode -->\r\n[one_half]\r\n<h2><span style=\"color: #808080;\">Metro:<\/span><\/h2>\r\nThe closest metro station is Atocha Renfe, only 4 minutes walking distance from 8Rooms Madrid. It is part of metro line 1 (light blue). This station has also access to long and short distance trains. We will provide you with complimentary Metro plans at 8Rooms Madrid should you need one. <a href=\"https:\/\/www.metromadrid.es\" target=\"_blank\" rel=\"noopener\">www.metromadrid.es<\/a>\r\n<h2><span style=\"color: #808080;\">Bus:<\/span><\/h2>\r\nJust in front of our door you will find several buses as well as directly in Atocha train station. \r\nYou can also get the Airport express bus, from there. It will take you directly from the train station to the airport for only 5\u20ac per person. It runs 365 days, 24h a day. The trip from Atocha to the airport usually takes about 25 minutes.\r\n\r\nFind more information here: <a href=\"https:\/\/www.emtmadrid.es\" target=\"_blank\" rel=\"noopener\">www.emtmadrid.es<\/a>\r\n<h2><span style=\"color: #808080;\">Train:<\/span><\/h2>\r\n\r\nAtocha train station is the heart of train communication of Madrid, connecting the city to the rest of the Peninsula, as well as other smaller cities within Madrid. As mentioned above, it is a brief walk away from 8Rooms Madrid, making it the perfect location for a day excursion or some exploring away from Madrid.[\/one_half]\r\n[one_half_last]\r\n\r\nYou can also access the airport using the cercan\u00edas train, but it will only take you to the terminal 4. From there, you can access the other terminals using the airport bus. The price is around 2,15\u20ac per person, however, it is free for people with a valid AVE train ticket.\r\n\r\nClick here for more information: <a href=\"https:\/\/www.renfe.com\" target=\"_blank\" rel=\"noopener\">www.renfe.com<\/a>\r\n<h2><span style=\"color: #808080;\">Taxi:<\/span><\/h2>\r\nIf you prefer, you can also call a taxi. Here are some helpful numbers:\r\nTeletaxi: (+34) 91 371 21 31\r\nRadiotaxi: (+34) 91 447 32 32\r\nYou can also take a taxi directly on the street. Paseo de la Reina Cristina has a constant transit of taxis. You will identify them because they are white cars with a red line crossing the back doors.\r\n<h2><span style=\"color: #808080;\">Tourist Card:<\/span><\/h2>\r\nIt is the best option if you plan to move around using the public transport. With the toursit card you can use all kinds of public transportation within the Madrid province, without a limit within the validity period. These vary from 24h up to 7 days.\r\n<h2><span style=\"color: #808080;\">Metrobus:<\/span><\/h2>\r\n10 trips by metro or bus for only 12\u20ac. Metrobus can be used by more than one person.\r\n[\/one_half_last]\r\n<!-- \/wp:shortcode -->\r\n\r\n<!-- wp:shortcode -->\r\n<h3><span style=\"color: #808080;\">Contact us 8Rooms Madrid here:<\/span><\/h3>\r\n<!-- \/wp:shortcode -->\r\n\r\n<!-- wp:shortcode -->\r\n[contact-form-7 id=\"428\" title=\"Contacto 1\"]\r\n<!-- \/wp:shortcode -->","_et_gb_content_width":"","footnotes":""},"class_list":["post-903","page","type-page","status-publish","hentry"],"yoast_head":"<!-- This site is optimized with the Yoast SEO plugin v23.5 - https:\/\/yoast.com\/wordpress\/plugins\/seo\/ -->\n<title>Hotel nuevo en Madrid<\/title>\n<meta name=\"description\" content=\"8 Rooms, hotel con encanto en Madrid, 8 habitaciones muy confortables, atenci\u00f3n personalizada. Situado en la c\u00e9ntrica zona madrile\u00f1a de Atocha.\" \/>\n<meta name=\"robots\" content=\"index, follow, max-snippet:-1, max-image-preview:large, max-video-preview:-1\" \/>\n<link rel=\"canonical\" href=\"https:\/\/8roomsmadrid.com\/en\/hotel-nuevo-en-madrid-2\/\" \/>\n<meta property=\"og:locale\" content=\"en_US\" \/>\n<meta property=\"og:type\" content=\"article\" \/>\n<meta property=\"og:title\" content=\"Hotel nuevo en Madrid\" \/>\n<meta property=\"og:description\" content=\"8 Rooms, hotel con encanto en Madrid, 8 habitaciones muy confortables, atenci\u00f3n personalizada. Situado en la c\u00e9ntrica zona madrile\u00f1a de Atocha.\" \/>\n<meta property=\"og:url\" content=\"https:\/\/8roomsmadrid.com\/en\/hotel-nuevo-en-madrid-2\/\" \/>\n<meta property=\"og:site_name\" content=\"8 Rooms habitaciones Madrid Atocha\" \/>\n<meta property=\"article:modified_time\" content=\"2021-06-26T16:03:07+00:00\" \/>\n<meta name=\"twitter:card\" content=\"summary_large_image\" \/>\n<meta name=\"twitter:label1\" content=\"Est. reading time\" \/>\n\t<meta name=\"twitter:data1\" content=\"3 minutes\" \/>\n<script type=\"application\/ld+json\" class=\"yoast-schema-graph\">{\"@context\":\"https:\/\/schema.org\",\"@graph\":[{\"@type\":\"WebPage\",\"@id\":\"https:\/\/8roomsmadrid.com\/en\/hotel-nuevo-en-madrid-2\/\",\"url\":\"https:\/\/8roomsmadrid.com\/en\/hotel-nuevo-en-madrid-2\/\",\"name\":\"Hotel nuevo en Madrid\",\"isPartOf\":{\"@id\":\"https:\/\/8roomsmadrid.com\/#website\"},\"datePublished\":\"2014-06-16T11:41:00+00:00\",\"dateModified\":\"2021-06-26T16:03:07+00:00\",\"description\":\"8 Rooms, hotel con encanto en Madrid, 8 habitaciones muy confortables, atenci\u00f3n personalizada. Situado en la c\u00e9ntrica zona madrile\u00f1a de Atocha.\",\"breadcrumb\":{\"@id\":\"https:\/\/8roomsmadrid.com\/en\/hotel-nuevo-en-madrid-2\/#breadcrumb\"},\"inLanguage\":\"en-US\",\"potentialAction\":[{\"@type\":\"ReadAction\",\"target\":[\"https:\/\/8roomsmadrid.com\/en\/hotel-nuevo-en-madrid-2\/\"]}]},{\"@type\":\"BreadcrumbList\",\"@id\":\"https:\/\/8roomsmadrid.com\/en\/hotel-nuevo-en-madrid-2\/#breadcrumb\",\"itemListElement\":[{\"@type\":\"ListItem\",\"position\":1,\"name\":\"Portada\",\"item\":\"https:\/\/8roomsmadrid.com\/\"},{\"@type\":\"ListItem\",\"position\":2,\"name\":\"Care clean Madrid accommodation comfortable downtown area\"}]},{\"@type\":\"WebSite\",\"@id\":\"https:\/\/8roomsmadrid.com\/#website\",\"url\":\"https:\/\/8roomsmadrid.com\/\",\"name\":\"8 Rooms habitaciones Madrid Atocha\",\"description\":\"Alojamiento en Madrid centro Atocha\",\"potentialAction\":[{\"@type\":\"SearchAction\",\"target\":{\"@type\":\"EntryPoint\",\"urlTemplate\":\"https:\/\/8roomsmadrid.com\/?s={search_term_string}\"},\"query-input\":{\"@type\":\"PropertyValueSpecification\",\"valueRequired\":true,\"valueName\":\"search_term_string\"}}],\"inLanguage\":\"en-US\"}]}<\/script>\n<!-- \/ Yoast SEO plugin. -->","yoast_head_json":{"title":"Hotel nuevo en Madrid","description":"8 Rooms, hotel con encanto en Madrid, 8 habitaciones muy confortables, atenci\u00f3n personalizada. Situado en la c\u00e9ntrica zona madrile\u00f1a de Atocha.","robots":{"index":"index","follow":"follow","max-snippet":"max-snippet:-1","max-image-preview":"max-image-preview:large","max-video-preview":"max-video-preview:-1"},"canonical":"https:\/\/8roomsmadrid.com\/en\/hotel-nuevo-en-madrid-2\/","og_locale":"en_US","og_type":"article","og_title":"Hotel nuevo en Madrid","og_description":"8 Rooms, hotel con encanto en Madrid, 8 habitaciones muy confortables, atenci\u00f3n personalizada. Situado en la c\u00e9ntrica zona madrile\u00f1a de Atocha.","og_url":"https:\/\/8roomsmadrid.com\/en\/hotel-nuevo-en-madrid-2\/","og_site_name":"8 Rooms habitaciones Madrid Atocha","article_modified_time":"2021-06-26T16:03:07+00:00","twitter_card":"summary_large_image","twitter_misc":{"Est. reading time":"3 minutes"},"schema":{"@context":"https:\/\/schema.org","@graph":[{"@type":"WebPage","@id":"https:\/\/8roomsmadrid.com\/en\/hotel-nuevo-en-madrid-2\/","url":"https:\/\/8roomsmadrid.com\/en\/hotel-nuevo-en-madrid-2\/","name":"Hotel nuevo en Madrid","isPartOf":{"@id":"https:\/\/8roomsmadrid.com\/#website"},"datePublished":"2014-06-16T11:41:00+00:00","dateModified":"2021-06-26T16:03:07+00:00","description":"8 Rooms, hotel con encanto en Madrid, 8 habitaciones muy confortables, atenci\u00f3n personalizada. Situado en la c\u00e9ntrica zona madrile\u00f1a de Atocha.","breadcrumb":{"@id":"https:\/\/8roomsmadrid.com\/en\/hotel-nuevo-en-madrid-2\/#breadcrumb"},"inLanguage":"en-US","potentialAction":[{"@type":"ReadAction","target":["https:\/\/8roomsmadrid.com\/en\/hotel-nuevo-en-madrid-2\/"]}]},{"@type":"BreadcrumbList","@id":"https:\/\/8roomsmadrid.com\/en\/hotel-nuevo-en-madrid-2\/#breadcrumb","itemListElement":[{"@type":"ListItem","position":1,"name":"Portada","item":"https:\/\/8roomsmadrid.com\/"},{"@type":"ListItem","position":2,"name":"Care clean Madrid accommodation comfortable downtown area"}]},{"@type":"WebSite","@id":"https:\/\/8roomsmadrid.com\/#website","url":"https:\/\/8roomsmadrid.com\/","name":"8 Rooms habitaciones Madrid Atocha","description":"Alojamiento en Madrid centro Atocha","potentialAction":[{"@type":"SearchAction","target":{"@type":"EntryPoint","urlTemplate":"https:\/\/8roomsmadrid.com\/?s={search_term_string}"},"query-input":{"@type":"PropertyValueSpecification","valueRequired":true,"valueName":"search_term_string"}}],"inLanguage":"en-US"}]}},"_links":{"self":[{"href":"https:\/\/8roomsmadrid.com\/en\/wp-json\/wp\/v2\/pages\/903"}],"collection":[{"href":"https:\/\/8roomsmadrid.com\/en\/wp-json\/wp\/v2\/pages"}],"about":[{"href":"https:\/\/8roomsmadrid.com\/en\/wp-json\/wp\/v2\/types\/page"}],"author":[{"embeddable":true,"href":"https:\/\/8roomsmadrid.com\/en\/wp-json\/wp\/v2\/users\/4"}],"replies":[{"embeddable":true,"href":"https:\/\/8roomsmadrid.com\/en\/wp-json\/wp\/v2\/comments?post=903"}],"version-history":[{"count":18,"href":"https:\/\/8roomsmadrid.com\/en\/wp-json\/wp\/v2\/pages\/903\/revisions"}],"predecessor-version":[{"id":1502,"href":"https:\/\/8roomsmadrid.com\/en\/wp-json\/wp\/v2\/pages\/903\/revisions\/1502"}],"wp:attachment":[{"href":"https:\/\/8roomsmadrid.com\/en\/wp-json\/wp\/v2\/media?parent=903"}],"curies":[{"name":"wp","href":"https:\/\/api.w.org\/{rel}","templated":true}]}}