{"id":895,"date":"2014-07-08T11:44:59","date_gmt":"2014-07-08T11:44:59","guid":{"rendered":"https:\/\/8roomsmadrid.com\/alojamiento-con-encanto-en-madrid\/"},"modified":"2021-02-28T18:33:17","modified_gmt":"2021-02-28T18:33:17","slug":"alojamiento-con-encanto-en-madrid","status":"publish","type":"page","link":"https:\/\/8roomsmadrid.com\/en\/alojamiento-con-encanto-en-madrid\/","title":{"rendered":"Gallery rooms Madrid Atocha station South central Madrid"},"content":{"rendered":"<p>[et_pb_section fb_built=&#8221;1&#8243; fullwidth=&#8221;on&#8221; _builder_version=&#8221;3.22&#8243;][et_pb_fullwidth_image src=&#8221;https:\/\/8roomsmadrid.com\/file\/habitaciones-economicas.png&#8221; alt=&#8221;habitaciones economicas&#8221; _builder_version=&#8221;4.4.8&#8243;][\/et_pb_fullwidth_image][\/et_pb_section][et_pb_section fb_built=&#8221;1&#8243; _builder_version=&#8221;3.22&#8243;][et_pb_row _builder_version=&#8221;3.25&#8243; background_size=&#8221;initial&#8221; background_position=&#8221;top_left&#8221; background_repeat=&#8221;repeat&#8221;][et_pb_column type=&#8221;4_4&#8243; _builder_version=&#8221;3.25&#8243; custom_padding=&#8221;|||&#8221; custom_padding__hover=&#8221;|||&#8221;][et_pb_gallery gallery_ids=&#8221;17,20,18,21,1298,19,16,1294,1292,1326,1290,1322,6,1324,1288,1320,7,15&#8243; posts_number=&#8221;50&#8243; orientation=&#8221;portrait&#8221; show_title_and_caption=&#8221;off&#8221; show_pagination=&#8221;off&#8221; zoom_icon_color=&#8221;#ed4074&#8243; hover_icon=&#8221;%%51%%&#8221; _builder_version=&#8221;4.4.8&#8243; hover_enabled=&#8221;0&#8243; pagination_font_size_tablet=&#8221;51&#8243; pagination_line_height_tablet=&#8221;2&#8243; border_width_all=&#8221;6px&#8221; border_color_all=&#8221;#f2f2f2&#8243;][\/et_pb_gallery][\/et_pb_column][\/et_pb_row][\/et_pb_section]<\/p>\n","protected":false},"excerpt":{"rendered":"","protected":false},"author":4,"featured_media":0,"parent":0,"menu_order":0,"comment_status":"closed","ping_status":"open","template":"","meta":{"_et_pb_use_builder":"on","_et_pb_old_content":"<h1>\u00a0<\/h1><p>\u00a0<\/p><p>[gallery link=\"file\" ids=\"19,18,17,16,15,20,308,309,310,311,313\" orderby=\"rand\"]<\/p>","_et_gb_content_width":"","footnotes":""},"class_list":["post-895","page","type-page","status-publish","hentry"],"yoast_head":"<!-- This site is optimized with the Yoast SEO plugin v23.5 - https:\/\/yoast.com\/wordpress\/plugins\/seo\/ -->\n<title>Alojamiento con encanto en Madrid- 8Rooms<\/title>\n<meta name=\"description\" content=\"Alojamiento con encanto en Madrid, 8 habitaciones muy confortables, atenci\u00f3n personalizada. Situado en la c\u00e9ntrica zona madrile\u00f1a de Atocha.\" \/>\n<meta name=\"robots\" content=\"index, follow, max-snippet:-1, max-image-preview:large, max-video-preview:-1\" \/>\n<link rel=\"canonical\" href=\"https:\/\/8roomsmadrid.com\/en\/alojamiento-con-encanto-en-madrid\/\" \/>\n<meta property=\"og:locale\" content=\"en_US\" \/>\n<meta property=\"og:type\" content=\"article\" \/>\n<meta property=\"og:title\" content=\"Alojamiento con encanto en Madrid- 8Rooms\" \/>\n<meta property=\"og:description\" content=\"Alojamiento con encanto en Madrid, 8 habitaciones muy confortables, atenci\u00f3n personalizada. Situado en la c\u00e9ntrica zona madrile\u00f1a de Atocha.\" \/>\n<meta property=\"og:url\" content=\"https:\/\/8roomsmadrid.com\/en\/alojamiento-con-encanto-en-madrid\/\" \/>\n<meta property=\"og:site_name\" content=\"8 Rooms habitaciones Madrid Atocha\" \/>\n<meta property=\"article:modified_time\" content=\"2021-02-28T18:33:17+00:00\" \/>\n<meta name=\"twitter:card\" content=\"summary_large_image\" \/>\n<meta name=\"twitter:label1\" content=\"Est. reading time\" \/>\n\t<meta name=\"twitter:data1\" content=\"1 minute\" \/>\n<script type=\"application\/ld+json\" class=\"yoast-schema-graph\">{\"@context\":\"https:\/\/schema.org\",\"@graph\":[{\"@type\":\"WebPage\",\"@id\":\"https:\/\/8roomsmadrid.com\/en\/alojamiento-con-encanto-en-madrid\/\",\"url\":\"https:\/\/8roomsmadrid.com\/en\/alojamiento-con-encanto-en-madrid\/\",\"name\":\"Alojamiento con encanto en Madrid- 8Rooms\",\"isPartOf\":{\"@id\":\"https:\/\/8roomsmadrid.com\/#website\"},\"datePublished\":\"2014-07-08T11:44:59+00:00\",\"dateModified\":\"2021-02-28T18:33:17+00:00\",\"description\":\"Alojamiento con encanto en Madrid, 8 habitaciones muy confortables, atenci\u00f3n personalizada. Situado en la c\u00e9ntrica zona madrile\u00f1a de Atocha.\",\"breadcrumb\":{\"@id\":\"https:\/\/8roomsmadrid.com\/en\/alojamiento-con-encanto-en-madrid\/#breadcrumb\"},\"inLanguage\":\"en-US\",\"potentialAction\":[{\"@type\":\"ReadAction\",\"target\":[\"https:\/\/8roomsmadrid.com\/en\/alojamiento-con-encanto-en-madrid\/\"]}]},{\"@type\":\"BreadcrumbList\",\"@id\":\"https:\/\/8roomsmadrid.com\/en\/alojamiento-con-encanto-en-madrid\/#breadcrumb\",\"itemListElement\":[{\"@type\":\"ListItem\",\"position\":1,\"name\":\"Portada\",\"item\":\"https:\/\/8roomsmadrid.com\/\"},{\"@type\":\"ListItem\",\"position\":2,\"name\":\"Gallery rooms Madrid Atocha station South central Madrid\"}]},{\"@type\":\"WebSite\",\"@id\":\"https:\/\/8roomsmadrid.com\/#website\",\"url\":\"https:\/\/8roomsmadrid.com\/\",\"name\":\"8 Rooms habitaciones Madrid Atocha\",\"description\":\"Alojamiento en Madrid centro Atocha\",\"potentialAction\":[{\"@type\":\"SearchAction\",\"target\":{\"@type\":\"EntryPoint\",\"urlTemplate\":\"https:\/\/8roomsmadrid.com\/?s={search_term_string}\"},\"query-input\":{\"@type\":\"PropertyValueSpecification\",\"valueRequired\":true,\"valueName\":\"search_term_string\"}}],\"inLanguage\":\"en-US\"}]}<\/script>\n<!-- \/ Yoast SEO plugin. -->","yoast_head_json":{"title":"Alojamiento con encanto en Madrid- 8Rooms","description":"Alojamiento con encanto en Madrid, 8 habitaciones muy confortables, atenci\u00f3n personalizada. Situado en la c\u00e9ntrica zona madrile\u00f1a de Atocha.","robots":{"index":"index","follow":"follow","max-snippet":"max-snippet:-1","max-image-preview":"max-image-preview:large","max-video-preview":"max-video-preview:-1"},"canonical":"https:\/\/8roomsmadrid.com\/en\/alojamiento-con-encanto-en-madrid\/","og_locale":"en_US","og_type":"article","og_title":"Alojamiento con encanto en Madrid- 8Rooms","og_description":"Alojamiento con encanto en Madrid, 8 habitaciones muy confortables, atenci\u00f3n personalizada. Situado en la c\u00e9ntrica zona madrile\u00f1a de Atocha.","og_url":"https:\/\/8roomsmadrid.com\/en\/alojamiento-con-encanto-en-madrid\/","og_site_name":"8 Rooms habitaciones Madrid Atocha","article_modified_time":"2021-02-28T18:33:17+00:00","twitter_card":"summary_large_image","twitter_misc":{"Est. reading time":"1 minute"},"schema":{"@context":"https:\/\/schema.org","@graph":[{"@type":"WebPage","@id":"https:\/\/8roomsmadrid.com\/en\/alojamiento-con-encanto-en-madrid\/","url":"https:\/\/8roomsmadrid.com\/en\/alojamiento-con-encanto-en-madrid\/","name":"Alojamiento con encanto en Madrid- 8Rooms","isPartOf":{"@id":"https:\/\/8roomsmadrid.com\/#website"},"datePublished":"2014-07-08T11:44:59+00:00","dateModified":"2021-02-28T18:33:17+00:00","description":"Alojamiento con encanto en Madrid, 8 habitaciones muy confortables, atenci\u00f3n personalizada. Situado en la c\u00e9ntrica zona madrile\u00f1a de Atocha.","breadcrumb":{"@id":"https:\/\/8roomsmadrid.com\/en\/alojamiento-con-encanto-en-madrid\/#breadcrumb"},"inLanguage":"en-US","potentialAction":[{"@type":"ReadAction","target":["https:\/\/8roomsmadrid.com\/en\/alojamiento-con-encanto-en-madrid\/"]}]},{"@type":"BreadcrumbList","@id":"https:\/\/8roomsmadrid.com\/en\/alojamiento-con-encanto-en-madrid\/#breadcrumb","itemListElement":[{"@type":"ListItem","position":1,"name":"Portada","item":"https:\/\/8roomsmadrid.com\/"},{"@type":"ListItem","position":2,"name":"Gallery rooms Madrid Atocha station South central Madrid"}]},{"@type":"WebSite","@id":"https:\/\/8roomsmadrid.com\/#website","url":"https:\/\/8roomsmadrid.com\/","name":"8 Rooms habitaciones Madrid Atocha","description":"Alojamiento en Madrid centro Atocha","potentialAction":[{"@type":"SearchAction","target":{"@type":"EntryPoint","urlTemplate":"https:\/\/8roomsmadrid.com\/?s={search_term_string}"},"query-input":{"@type":"PropertyValueSpecification","valueRequired":true,"valueName":"search_term_string"}}],"inLanguage":"en-US"}]}},"_links":{"self":[{"href":"https:\/\/8roomsmadrid.com\/en\/wp-json\/wp\/v2\/pages\/895"}],"collection":[{"href":"https:\/\/8roomsmadrid.com\/en\/wp-json\/wp\/v2\/pages"}],"about":[{"href":"https:\/\/8roomsmadrid.com\/en\/wp-json\/wp\/v2\/types\/page"}],"author":[{"embeddable":true,"href":"https:\/\/8roomsmadrid.com\/en\/wp-json\/wp\/v2\/users\/4"}],"replies":[{"embeddable":true,"href":"https:\/\/8roomsmadrid.com\/en\/wp-json\/wp\/v2\/comments?post=895"}],"version-history":[{"count":3,"href":"https:\/\/8roomsmadrid.com\/en\/wp-json\/wp\/v2\/pages\/895\/revisions"}],"predecessor-version":[{"id":1334,"href":"https:\/\/8roomsmadrid.com\/en\/wp-json\/wp\/v2\/pages\/895\/revisions\/1334"}],"wp:attachment":[{"href":"https:\/\/8roomsmadrid.com\/en\/wp-json\/wp\/v2\/media?parent=895"}],"curies":[{"name":"wp","href":"https:\/\/api.w.org\/{rel}","templated":true}]}}