{"id":879,"date":"2014-06-13T10:10:06","date_gmt":"2014-06-13T10:10:06","guid":{"rendered":"https:\/\/8roomsmadrid.com\/hotel-nuevo-en-madrid\/"},"modified":"2024-09-30T12:23:23","modified_gmt":"2024-09-30T12:23:23","slug":"hotel-nuevo-en-madrid","status":"publish","type":"page","link":"https:\/\/8roomsmadrid.com\/en\/hotel-nuevo-en-madrid\/","title":{"rendered":"Rooms in Atocha Madrid Our Hotel"},"content":{"rendered":"<p>[et_pb_section fb_built=&#8221;1&#8243; fullwidth=&#8221;on&#8221; _builder_version=&#8221;4.16&#8243; global_colors_info=&#8221;{}&#8221;][et_pb_fullwidth_image src=&#8221;https:\/\/8roomsmadrid.com\/wp-content\/uploads\/8rooms.png&#8221; alt=&#8221;8rooms&#8221; _builder_version=&#8221;4.16&#8243; global_colors_info=&#8221;{}&#8221;][\/et_pb_fullwidth_image][\/et_pb_section][et_pb_section fb_built=&#8221;1&#8243; _builder_version=&#8221;4.16&#8243; global_colors_info=&#8221;{}&#8221;][et_pb_row _builder_version=&#8221;4.16&#8243; background_size=&#8221;initial&#8221; background_position=&#8221;top_left&#8221; background_repeat=&#8221;repeat&#8221; global_colors_info=&#8221;{}&#8221;][et_pb_column type=&#8221;4_4&#8243; _builder_version=&#8221;4.16&#8243; custom_padding=&#8221;|||&#8221; global_colors_info=&#8221;{}&#8221; custom_padding__hover=&#8221;|||&#8221;][et_pb_text _builder_version=&#8221;4.16&#8243; max_width=&#8221;95%&#8221; custom_margin=&#8221;||0px|&#8221; global_colors_info=&#8221;{}&#8221;]<\/p>\n<h5 style=\"text-align: center;\"><span style=\"color: #575353;\">In 8 Rooms you will find comfort, simple and flirty style and personalized attention.<\/span><\/h5>\n<h5 style=\"text-align: center;\"><span style=\"color: #575353;\">This new and modern hotel has 8 comfortables and fully equipped rooms in which you could enjoy a very pleasant stay.<\/span><\/h5>\n<p>[\/et_pb_text][\/et_pb_column][\/et_pb_row][et_pb_row _builder_version=&#8221;4.16&#8243; custom_padding=&#8221;||0px|&#8221; global_colors_info=&#8221;{}&#8221;][et_pb_column type=&#8221;4_4&#8243; _builder_version=&#8221;4.16&#8243; custom_padding=&#8221;|||&#8221; global_colors_info=&#8221;{}&#8221; custom_padding__hover=&#8221;|||&#8221;][et_pb_text _builder_version=&#8221;4.16&#8243; custom_margin=&#8221;||10px|&#8221; global_colors_info=&#8221;{}&#8221;]<\/p>\n<h4 style=\"text-align: center;\"><span style=\"color: #999999;\"><strong>EQUIPMENT IN ALL ROOMS:<\/strong><\/span><\/h4>\n<p>[\/et_pb_text][\/et_pb_column][\/et_pb_row][et_pb_row column_structure=&#8221;1_4,1_4,1_4,1_4&#8243; _builder_version=&#8221;4.16&#8243; global_colors_info=&#8221;{}&#8221;][et_pb_column type=&#8221;1_4&#8243; _builder_version=&#8221;4.16&#8243; global_colors_info=&#8221;{}&#8221;][et_pb_divider show_divider=&#8221;off&#8221; _builder_version=&#8221;4.16&#8243; global_colors_info=&#8221;{}&#8221;][\/et_pb_divider][\/et_pb_column][et_pb_column type=&#8221;1_4&#8243; _builder_version=&#8221;4.16&#8243; global_colors_info=&#8221;{}&#8221;][et_pb_text _builder_version=&#8221;4.16&#8243; global_colors_info=&#8221;{}&#8221;]<\/p>\n<ul>\n<li style=\"list-style-type: none;\">\n<ul>\n<li>Flat LCD TV<\/li>\n<li>Free Wi-fi<\/li>\n<li>Air conditioner<\/li>\n<li>Heating<\/li>\n<\/ul>\n<\/li>\n<\/ul>\n<p>[\/et_pb_text][\/et_pb_column][et_pb_column type=&#8221;1_4&#8243; _builder_version=&#8221;4.16&#8243; global_colors_info=&#8221;{}&#8221;][et_pb_text _builder_version=&#8221;4.16&#8243; global_colors_info=&#8221;{}&#8221;]<\/p>\n<ul>\n<li style=\"list-style-type: none;\">\n<ul>\n<li>Private bathroom<\/li>\n<li>Shower<\/li>\n<li>Soap, shampoo and shower gel<\/li>\n<li>Bedclothes and towels<\/li>\n<\/ul>\n<\/li>\n<\/ul>\n<p>[\/et_pb_text][\/et_pb_column][et_pb_column type=&#8221;1_4&#8243; _builder_version=&#8221;4.16&#8243; global_colors_info=&#8221;{}&#8221;][et_pb_divider show_divider=&#8221;off&#8221; _builder_version=&#8221;4.16&#8243; global_colors_info=&#8221;{}&#8221;][\/et_pb_divider][\/et_pb_column][\/et_pb_row][et_pb_row column_structure=&#8221;1_3,1_3,1_3&#8243; _builder_version=&#8221;4.16&#8243; background_size=&#8221;initial&#8221; background_position=&#8221;top_left&#8221; background_repeat=&#8221;repeat&#8221; global_colors_info=&#8221;{}&#8221;][et_pb_column type=&#8221;1_3&#8243; _builder_version=&#8221;4.16&#8243; custom_padding=&#8221;|||&#8221; global_colors_info=&#8221;{}&#8221; custom_padding__hover=&#8221;|||&#8221;][et_pb_text _builder_version=&#8221;4.16&#8243; custom_margin=&#8221;-15px||6px|&#8221; global_colors_info=&#8221;{}&#8221;]<\/p>\n<h4 class=\"title-style1\" style=\"text-align: center;\"><strong><span style=\"color: #999999;\">SINGLE ROOM<\/span><\/strong><\/h4>\n<p>[\/et_pb_text][et_pb_divider show_divider=&#8221;off&#8221; _builder_version=&#8221;4.16&#8243; max_width=&#8221;40%&#8221; module_alignment=&#8221;left&#8221; height=&#8221;4px&#8221; custom_margin=&#8221;5px||5px|&#8221; custom_padding=&#8221;0px||0px|&#8221; global_colors_info=&#8221;{}&#8221;][\/et_pb_divider][et_pb_image src=&#8221;https:\/\/8roomsmadrid.com\/file\/hotel-con-encanto-madrid.jpg&#8221; align_tablet=&#8221;center&#8221; align_phone=&#8221;&#8221; align_last_edited=&#8221;on|desktop&#8221; _builder_version=&#8221;4.16&#8243; always_center_on_mobile=&#8221;on&#8221; global_colors_info=&#8221;{}&#8221;]&nbsp;<br \/>\n[\/et_pb_image][et_pb_text _builder_version=&#8221;4.16&#8243; global_colors_info=&#8221;{}&#8221;]<\/p>\n<p><span style=\"color: #808080;\">Room for 1 guest with a comfortable king-size bed or an individual one.<\/span><\/p>\n<p>[\/et_pb_text][et_pb_button url_new_window=&#8221;on&#8221; button_text=&#8221;BOOK NOW&#8221; button_alignment=&#8221;center&#8221; _builder_version=&#8221;4.27.0&#8243; custom_button=&#8221;on&#8221; button_text_size=&#8221;12&#8243; button_text_color=&#8221;#ffffff&#8221; button_bg_color=&#8221;#ed4074&#8243; button_border_width=&#8221;6px&#8221; button_border_color=&#8221;#FFFFFF&#8221; button_border_radius=&#8221;10px&#8221; button_font=&#8221;|600|||||||&#8221; button_use_icon=&#8221;off&#8221; background_layout=&#8221;dark&#8221; custom_padding=&#8221;5px||5px|&#8221; hover_enabled=&#8221;0&#8243; box_shadow_style=&#8221;preset3&#8243; box_shadow_color=&#8221;rgba(234,0,125,0.3)&#8221; button_border_radius_hover=&#8221;0&#8243; button_bg_color_hover=&#8221;#000000&#8243; global_colors_info=&#8221;{}&#8221; button_text_size__hover_enabled=&#8221;off&#8221; button_one_text_size__hover_enabled=&#8221;off&#8221; button_two_text_size__hover_enabled=&#8221;off&#8221; button_text_color__hover_enabled=&#8221;off&#8221; button_one_text_color__hover_enabled=&#8221;off&#8221; button_two_text_color__hover_enabled=&#8221;off&#8221; button_border_width__hover_enabled=&#8221;off&#8221; button_one_border_width__hover_enabled=&#8221;off&#8221; button_two_border_width__hover_enabled=&#8221;off&#8221; button_border_color__hover_enabled=&#8221;off&#8221; button_one_border_color__hover_enabled=&#8221;off&#8221; button_two_border_color__hover_enabled=&#8221;off&#8221; button_border_radius__hover_enabled=&#8221;on&#8221; button_border_radius__hover=&#8221;0&#8243; button_one_border_radius__hover_enabled=&#8221;off&#8221; button_two_border_radius__hover_enabled=&#8221;off&#8221; button_letter_spacing__hover_enabled=&#8221;off&#8221; button_one_letter_spacing__hover_enabled=&#8221;off&#8221; button_two_letter_spacing__hover_enabled=&#8221;off&#8221; button_bg_color__hover_enabled=&#8221;on&#8221; button_bg_color__hover=&#8221;#000000&#8243; button_one_bg_color__hover_enabled=&#8221;off&#8221; button_two_bg_color__hover_enabled=&#8221;off&#8221; button_url=&#8221;https:\/\/8roomsmadrid.com\/reservas\/&#8221; sticky_enabled=&#8221;0&#8243;][\/et_pb_button][\/et_pb_column][et_pb_column type=&#8221;1_3&#8243; _builder_version=&#8221;4.16&#8243; custom_padding=&#8221;|||&#8221; global_colors_info=&#8221;{}&#8221; custom_padding__hover=&#8221;|||&#8221;][et_pb_text _builder_version=&#8221;4.16&#8243; custom_margin=&#8221;-15px||6px|&#8221; global_colors_info=&#8221;{}&#8221;]<\/p>\n<h4 class=\"title-style1\" style=\"text-align: center;\"><strong><span style=\"color: #999999;\">DOUBLE ROOM<\/span><\/strong><\/h4>\n<p>[\/et_pb_text][et_pb_divider show_divider=&#8221;off&#8221; _builder_version=&#8221;4.16&#8243; max_width=&#8221;40%&#8221; module_alignment=&#8221;left&#8221; height=&#8221;4px&#8221; custom_margin=&#8221;5px||5px|&#8221; custom_padding=&#8221;0px||0px|&#8221; global_colors_info=&#8221;{}&#8221;][\/et_pb_divider][et_pb_image src=&#8221;https:\/\/8roomsmadrid.com\/file\/hotel-atocha-madrid.jpg&#8221; align_tablet=&#8221;center&#8221; align_phone=&#8221;&#8221; align_last_edited=&#8221;on|desktop&#8221; _builder_version=&#8221;4.16&#8243; always_center_on_mobile=&#8221;on&#8221; global_colors_info=&#8221;{}&#8221;]&nbsp;<br \/>\n[\/et_pb_image][et_pb_text _builder_version=&#8221;4.16&#8243; global_colors_info=&#8221;{}&#8221;]<\/p>\n<p><span style=\"color: #808080;\">Room for 2 guests where you could choose between a king-size bed or two beds.<\/span><\/p>\n<p>[\/et_pb_text][et_pb_button url_new_window=&#8221;on&#8221; button_text=&#8221;BOOK NOW&#8221; button_alignment=&#8221;center&#8221; _builder_version=&#8221;4.27.0&#8243; custom_button=&#8221;on&#8221; button_text_size=&#8221;12&#8243; button_text_color=&#8221;#ffffff&#8221; button_bg_color=&#8221;#ed4074&#8243; button_border_width=&#8221;6px&#8221; button_border_color=&#8221;#FFFFFF&#8221; button_border_radius=&#8221;10px&#8221; button_font=&#8221;|600|||||||&#8221; button_use_icon=&#8221;off&#8221; background_layout=&#8221;dark&#8221; custom_padding=&#8221;5px||5px|&#8221; hover_enabled=&#8221;0&#8243; box_shadow_style=&#8221;preset3&#8243; box_shadow_color=&#8221;rgba(234,0,125,0.3)&#8221; button_border_radius_hover=&#8221;0&#8243; button_bg_color_hover=&#8221;#000000&#8243; global_colors_info=&#8221;{}&#8221; button_text_size__hover_enabled=&#8221;off&#8221; button_one_text_size__hover_enabled=&#8221;off&#8221; button_two_text_size__hover_enabled=&#8221;off&#8221; button_text_color__hover_enabled=&#8221;off&#8221; button_one_text_color__hover_enabled=&#8221;off&#8221; button_two_text_color__hover_enabled=&#8221;off&#8221; button_border_width__hover_enabled=&#8221;off&#8221; button_one_border_width__hover_enabled=&#8221;off&#8221; button_two_border_width__hover_enabled=&#8221;off&#8221; button_border_color__hover_enabled=&#8221;off&#8221; button_one_border_color__hover_enabled=&#8221;off&#8221; button_two_border_color__hover_enabled=&#8221;off&#8221; button_border_radius__hover_enabled=&#8221;on&#8221; button_border_radius__hover=&#8221;0&#8243; button_one_border_radius__hover_enabled=&#8221;off&#8221; button_two_border_radius__hover_enabled=&#8221;off&#8221; button_letter_spacing__hover_enabled=&#8221;off&#8221; button_one_letter_spacing__hover_enabled=&#8221;off&#8221; button_two_letter_spacing__hover_enabled=&#8221;off&#8221; button_bg_color__hover_enabled=&#8221;on&#8221; button_bg_color__hover=&#8221;#000000&#8243; button_one_bg_color__hover_enabled=&#8221;off&#8221; button_two_bg_color__hover_enabled=&#8221;off&#8221; button_url=&#8221;https:\/\/8roomsmadrid.com\/reservas\/&#8221; sticky_enabled=&#8221;0&#8243;][\/et_pb_button][\/et_pb_column][et_pb_column type=&#8221;1_3&#8243; _builder_version=&#8221;4.16&#8243; custom_padding=&#8221;|||&#8221; global_colors_info=&#8221;{}&#8221; custom_padding__hover=&#8221;|||&#8221;][et_pb_text _builder_version=&#8221;4.16&#8243; custom_margin=&#8221;-15px||6px|&#8221; global_colors_info=&#8221;{}&#8221;]<\/p>\n<h4 class=\"title-style1\" style=\"text-align: center;\"><strong><span style=\"color: #999999;\">TRIPLE ROOM<\/span><\/strong><\/h4>\n<p>[\/et_pb_text][et_pb_divider show_divider=&#8221;off&#8221; _builder_version=&#8221;4.16&#8243; max_width=&#8221;40%&#8221; module_alignment=&#8221;left&#8221; height=&#8221;4px&#8221; custom_margin=&#8221;5px||5px|&#8221; custom_padding=&#8221;0px||0px|&#8221; global_colors_info=&#8221;{}&#8221;][\/et_pb_divider][et_pb_image src=&#8221;https:\/\/8roomsmadrid.com\/file\/alojamiento-madrid-centro.jpg&#8221; align_tablet=&#8221;center&#8221; align_phone=&#8221;&#8221; align_last_edited=&#8221;on|desktop&#8221; _builder_version=&#8221;4.16&#8243; always_center_on_mobile=&#8221;on&#8221; global_colors_info=&#8221;{}&#8221;]&nbsp;<br \/>\n[\/et_pb_image][et_pb_text _builder_version=&#8221;4.16&#8243; global_colors_info=&#8221;{}&#8221;]<\/p>\n<p><span style=\"color: #808080;\">Large size room in which a third bed could be added making it a triple room.<\/span><\/p>\n<p>[\/et_pb_text][et_pb_button url_new_window=&#8221;on&#8221; button_text=&#8221;BOOK NOW&#8221; button_alignment=&#8221;center&#8221; _builder_version=&#8221;4.27.0&#8243; custom_button=&#8221;on&#8221; button_text_size=&#8221;12&#8243; button_text_color=&#8221;#ffffff&#8221; button_bg_color=&#8221;#ed4074&#8243; button_border_width=&#8221;6px&#8221; button_border_color=&#8221;#FFFFFF&#8221; button_border_radius=&#8221;10px&#8221; button_font=&#8221;|600|||||||&#8221; button_use_icon=&#8221;off&#8221; background_layout=&#8221;dark&#8221; custom_padding=&#8221;5px||5px|&#8221; hover_enabled=&#8221;0&#8243; box_shadow_style=&#8221;preset3&#8243; box_shadow_color=&#8221;rgba(234,0,125,0.3)&#8221; button_border_radius_hover=&#8221;0&#8243; button_bg_color_hover=&#8221;#000000&#8243; global_colors_info=&#8221;{}&#8221; button_text_size__hover_enabled=&#8221;off&#8221; button_one_text_size__hover_enabled=&#8221;off&#8221; button_two_text_size__hover_enabled=&#8221;off&#8221; button_text_color__hover_enabled=&#8221;off&#8221; button_one_text_color__hover_enabled=&#8221;off&#8221; button_two_text_color__hover_enabled=&#8221;off&#8221; button_border_width__hover_enabled=&#8221;off&#8221; button_one_border_width__hover_enabled=&#8221;off&#8221; button_two_border_width__hover_enabled=&#8221;off&#8221; button_border_color__hover_enabled=&#8221;off&#8221; button_one_border_color__hover_enabled=&#8221;off&#8221; button_two_border_color__hover_enabled=&#8221;off&#8221; button_border_radius__hover_enabled=&#8221;on&#8221; button_border_radius__hover=&#8221;0&#8243; button_one_border_radius__hover_enabled=&#8221;off&#8221; button_two_border_radius__hover_enabled=&#8221;off&#8221; button_letter_spacing__hover_enabled=&#8221;off&#8221; button_one_letter_spacing__hover_enabled=&#8221;off&#8221; button_two_letter_spacing__hover_enabled=&#8221;off&#8221; button_bg_color__hover_enabled=&#8221;on&#8221; button_bg_color__hover=&#8221;#000000&#8243; button_one_bg_color__hover_enabled=&#8221;off&#8221; button_two_bg_color__hover_enabled=&#8221;off&#8221; button_url=&#8221;https:\/\/8roomsmadrid.com\/reservas\/&#8221; sticky_enabled=&#8221;0&#8243;][\/et_pb_button][\/et_pb_column][\/et_pb_row][et_pb_row _builder_version=&#8221;4.16&#8243; background_size=&#8221;initial&#8221; background_position=&#8221;top_left&#8221; background_repeat=&#8221;repeat&#8221; global_colors_info=&#8221;{}&#8221;][et_pb_column type=&#8221;4_4&#8243; _builder_version=&#8221;4.16&#8243; custom_padding=&#8221;|||&#8221; global_colors_info=&#8221;{}&#8221; custom_padding__hover=&#8221;|||&#8221;][et_pb_text _builder_version=&#8221;4.16&#8243; text_font_size=&#8221;16px&#8221; max_width=&#8221;80%&#8221; global_colors_info=&#8221;{}&#8221;]<\/p>\n<p><span style=\"color: #808080;\"><span style=\"color: #808080;\"><span style=\"caret-color: #808080;\">* Please note that it is not possible to guarantee the bed size as it is subject to availability.<\/span><\/span><\/span><\/p>\n<p><span lang=\"en\" style=\"color: #808080;\">* The photographs are just a general example of our rooms. The rooms and their decoration may vary with respect to the images on this page.<\/span><\/p>\n<p><span style=\"color: #000000;\">\u00a0<\/span><\/p>\n<p>[\/et_pb_text][\/et_pb_column][\/et_pb_row][\/et_pb_section]<\/p>\n","protected":false},"excerpt":{"rendered":"<p>In 8 Rooms you will find comfort, simple and flirty style and personalized attention. This new and modern hotel has 8 comfortables and fully equipped rooms in which you could enjoy a very pleasant stay.EQUIPMENT IN ALL ROOMS: Flat LCD TV Free Wi-fi Air conditioner Heating Private bathroom Shower Soap, shampoo and shower gel Bedclothes [&hellip;]<\/p>\n","protected":false},"author":4,"featured_media":0,"parent":0,"menu_order":0,"comment_status":"closed","ping_status":"open","template":"","meta":{"_et_pb_use_builder":"on","_et_pb_old_content":"<p>[title]Nuevo bed and breakfast en Madrid[\/title]<\/p><h5><span style=\"color: #999999;\">Comodidad, un estilo simple y atenci\u00f3n personalizada.<\/span><\/h5><p>Este nuevo y moderno alojamiento cuenta con 8 confortables habitaciones, todas ellas con ba\u00f1o privado y aire acondicionado fr\u00edo \/ calor.<\/p><p>\u00a0<\/p><p>[columns]<br \/> [one_third]<\/p><p>[title]Habitaci\u00f3n individual: [\/title]<\/p><p><a href=\"https:\/\/8roomsmadrid.com\/wp-content\/uploads\/hotel-con-encanto-madrid.jpg\"><img class=\"alignnone wp-image-19 size-medium\" src=\"https:\/\/8roomsmadrid.com\/wp-content\/uploads\/hotel-con-encanto-madrid-300x134.jpg\" alt=\"hotel-con-encanto-madrid\" width=\"300\" height=\"134\" \/><\/a><br \/> Con una cama de matrimonio o bien una individual.<\/p><h3>Equipamiento:<\/h3><p>[list type=\"circle\"]<br \/> [li] Pantalla plana LCD [\/li]<br \/> [li]Wi-fi gratuito[\/li]<br \/> [li] Jab\u00f3n de manos, shampoo y gel de ducha [\/li]<br \/> [\/list]<\/p><p><span style=\"color: #ff00ff;\">*<\/span><span style=\"color: #333333;\"> La foto es s\u00f3lo un ejemplo de decoraci\u00f3n. La habitaci\u00f3n puede variar.<\/span><\/p><p>[button background_color=\"#c64673\" text_color=\"fff\" link_url=\"https:\/\/www.thebookingbutton.co.uk\/properties\/8roomsdirect\"]Reservar ahora[\/button]<br \/> [\/one_third]<\/p><p>[one_third]<\/p><p>[title]Habitaci\u00f3n doble:[\/title]<\/p><p><img class=\"alignnone wp-image-16 size-medium\" src=\"https:\/\/8roomsmadrid.com\/wp-content\/uploads\/hotel-atocha-madrid-300x134.jpg\" alt=\"hotel-atocha-madrid\" width=\"300\" height=\"134\" \/><\/p><p>Con una cama de matrimonio o bien una individual.<\/p><h3>Equipamiento:<\/h3><p>[list type=\"circle\"]<br \/> [li] Pantalla plana LCD [\/li]<br \/> [li]Wi-fi gratuito[\/li]<br \/> [li] Jab\u00f3n de manos, shampoo y gel de ducha [\/li]<br \/> [\/list]<\/p><p><span style=\"color: #ff00ff;\">*<\/span><span style=\"color: #333333;\"> La foto es s\u00f3lo un ejemplo de decoraci\u00f3n. La habitaci\u00f3n puede variar.<\/span><\/p><p>[button background_color=\"#c64673\" text_color=\"fff\" link_url=\"https:\/\/www.thebookingbutton.co.uk\/properties\/8roomsdirect\"]Reservar ahora [\/button]<br \/> [\/one_third]<br \/> [one_third_last]<\/p><p>[title]Habitaci\u00f3n triple: [\/title]<\/p><p><a href=\"https:\/\/8roomsmadrid.com\/wp-content\/uploads\/alojamiento-madrid-centro.jpg\"><img class=\"alignnone wp-image-6 size-medium\" src=\"https:\/\/8roomsmadrid.com\/wp-content\/uploads\/alojamiento-madrid-centro-300x134.jpg\" alt=\"alojamiento-madrid-centro\" width=\"300\" height=\"134\" \/><\/a><\/p><p>Habitaci\u00f3n de mayor tama\u00f1o, en la que se puede incluir una cama individual.<\/p><h3>Equipamiento:<\/h3><p>[list type=\"circle\"]<br \/> [li] Pantalla plana LCD [\/li]<br \/> [li]Wi-fi gratuito[\/li]<br \/> [li] Jab\u00f3n de manos, shampoo y gel de ducha. [\/li]<br \/> [\/list]<\/p><p><span style=\"color: #ff00ff;\">*<\/span><span style=\"color: #333333;\"> La foto es s\u00f3lo un ejemplo de decoraci\u00f3n. La habitaci\u00f3n puede variar.<\/span><\/p><p>[button background_color=\"#c64673\" text_color=\"fff\" link_url=\"https:\/\/www.thebookingbutton.co.uk\/properties\/8roomsdirect\"]Reservar ahora[\/button]<br \/> [\/one_third_last] [\/columns]<\/p>","_et_gb_content_width":"","footnotes":""},"class_list":["post-879","page","type-page","status-publish","hentry"],"yoast_head":"<!-- This site is optimized with the Yoast SEO plugin v23.5 - https:\/\/yoast.com\/wordpress\/plugins\/seo\/ -->\n<title>Hotel nuevo en Madrid<\/title>\n<meta name=\"description\" content=\"8 Rooms, un hotel nuevo en Madrid, 8 confortables habitaciones, todas ellas con ba\u00f1o privado, aire acondicionado y wii fi.\" \/>\n<meta name=\"robots\" content=\"index, follow, max-snippet:-1, max-image-preview:large, max-video-preview:-1\" \/>\n<link rel=\"canonical\" href=\"https:\/\/8roomsmadrid.com\/en\/hotel-nuevo-en-madrid\/\" \/>\n<meta property=\"og:locale\" content=\"en_US\" \/>\n<meta property=\"og:type\" content=\"article\" \/>\n<meta property=\"og:title\" content=\"Hotel nuevo en Madrid\" \/>\n<meta property=\"og:description\" content=\"8 Rooms, un hotel nuevo en Madrid, 8 confortables habitaciones, todas ellas con ba\u00f1o privado, aire acondicionado y wii fi.\" \/>\n<meta property=\"og:url\" content=\"https:\/\/8roomsmadrid.com\/en\/hotel-nuevo-en-madrid\/\" \/>\n<meta property=\"og:site_name\" content=\"8 Rooms habitaciones Madrid Atocha\" \/>\n<meta property=\"article:modified_time\" content=\"2024-09-30T12:23:23+00:00\" \/>\n<meta name=\"twitter:card\" content=\"summary_large_image\" \/>\n<meta name=\"twitter:label1\" content=\"Est. reading time\" \/>\n\t<meta name=\"twitter:data1\" content=\"8 minutes\" \/>\n<script type=\"application\/ld+json\" class=\"yoast-schema-graph\">{\"@context\":\"https:\/\/schema.org\",\"@graph\":[{\"@type\":\"WebPage\",\"@id\":\"https:\/\/8roomsmadrid.com\/en\/hotel-nuevo-en-madrid\/\",\"url\":\"https:\/\/8roomsmadrid.com\/en\/hotel-nuevo-en-madrid\/\",\"name\":\"Hotel nuevo en Madrid\",\"isPartOf\":{\"@id\":\"https:\/\/8roomsmadrid.com\/#website\"},\"datePublished\":\"2014-06-13T10:10:06+00:00\",\"dateModified\":\"2024-09-30T12:23:23+00:00\",\"description\":\"8 Rooms, un hotel nuevo en Madrid, 8 confortables habitaciones, todas ellas con ba\u00f1o privado, aire acondicionado y wii fi.\",\"breadcrumb\":{\"@id\":\"https:\/\/8roomsmadrid.com\/en\/hotel-nuevo-en-madrid\/#breadcrumb\"},\"inLanguage\":\"en-US\",\"potentialAction\":[{\"@type\":\"ReadAction\",\"target\":[\"https:\/\/8roomsmadrid.com\/en\/hotel-nuevo-en-madrid\/\"]}]},{\"@type\":\"BreadcrumbList\",\"@id\":\"https:\/\/8roomsmadrid.com\/en\/hotel-nuevo-en-madrid\/#breadcrumb\",\"itemListElement\":[{\"@type\":\"ListItem\",\"position\":1,\"name\":\"Portada\",\"item\":\"https:\/\/8roomsmadrid.com\/\"},{\"@type\":\"ListItem\",\"position\":2,\"name\":\"Rooms in Atocha Madrid Our Hotel\"}]},{\"@type\":\"WebSite\",\"@id\":\"https:\/\/8roomsmadrid.com\/#website\",\"url\":\"https:\/\/8roomsmadrid.com\/\",\"name\":\"8 Rooms habitaciones Madrid Atocha\",\"description\":\"Alojamiento en Madrid centro Atocha\",\"potentialAction\":[{\"@type\":\"SearchAction\",\"target\":{\"@type\":\"EntryPoint\",\"urlTemplate\":\"https:\/\/8roomsmadrid.com\/?s={search_term_string}\"},\"query-input\":{\"@type\":\"PropertyValueSpecification\",\"valueRequired\":true,\"valueName\":\"search_term_string\"}}],\"inLanguage\":\"en-US\"}]}<\/script>\n<!-- \/ Yoast SEO plugin. -->","yoast_head_json":{"title":"Hotel nuevo en Madrid","description":"8 Rooms, un hotel nuevo en Madrid, 8 confortables habitaciones, todas ellas con ba\u00f1o privado, aire acondicionado y wii fi.","robots":{"index":"index","follow":"follow","max-snippet":"max-snippet:-1","max-image-preview":"max-image-preview:large","max-video-preview":"max-video-preview:-1"},"canonical":"https:\/\/8roomsmadrid.com\/en\/hotel-nuevo-en-madrid\/","og_locale":"en_US","og_type":"article","og_title":"Hotel nuevo en Madrid","og_description":"8 Rooms, un hotel nuevo en Madrid, 8 confortables habitaciones, todas ellas con ba\u00f1o privado, aire acondicionado y wii fi.","og_url":"https:\/\/8roomsmadrid.com\/en\/hotel-nuevo-en-madrid\/","og_site_name":"8 Rooms habitaciones Madrid Atocha","article_modified_time":"2024-09-30T12:23:23+00:00","twitter_card":"summary_large_image","twitter_misc":{"Est. reading time":"8 minutes"},"schema":{"@context":"https:\/\/schema.org","@graph":[{"@type":"WebPage","@id":"https:\/\/8roomsmadrid.com\/en\/hotel-nuevo-en-madrid\/","url":"https:\/\/8roomsmadrid.com\/en\/hotel-nuevo-en-madrid\/","name":"Hotel nuevo en Madrid","isPartOf":{"@id":"https:\/\/8roomsmadrid.com\/#website"},"datePublished":"2014-06-13T10:10:06+00:00","dateModified":"2024-09-30T12:23:23+00:00","description":"8 Rooms, un hotel nuevo en Madrid, 8 confortables habitaciones, todas ellas con ba\u00f1o privado, aire acondicionado y wii fi.","breadcrumb":{"@id":"https:\/\/8roomsmadrid.com\/en\/hotel-nuevo-en-madrid\/#breadcrumb"},"inLanguage":"en-US","potentialAction":[{"@type":"ReadAction","target":["https:\/\/8roomsmadrid.com\/en\/hotel-nuevo-en-madrid\/"]}]},{"@type":"BreadcrumbList","@id":"https:\/\/8roomsmadrid.com\/en\/hotel-nuevo-en-madrid\/#breadcrumb","itemListElement":[{"@type":"ListItem","position":1,"name":"Portada","item":"https:\/\/8roomsmadrid.com\/"},{"@type":"ListItem","position":2,"name":"Rooms in Atocha Madrid Our Hotel"}]},{"@type":"WebSite","@id":"https:\/\/8roomsmadrid.com\/#website","url":"https:\/\/8roomsmadrid.com\/","name":"8 Rooms habitaciones Madrid Atocha","description":"Alojamiento en Madrid centro Atocha","potentialAction":[{"@type":"SearchAction","target":{"@type":"EntryPoint","urlTemplate":"https:\/\/8roomsmadrid.com\/?s={search_term_string}"},"query-input":{"@type":"PropertyValueSpecification","valueRequired":true,"valueName":"search_term_string"}}],"inLanguage":"en-US"}]}},"_links":{"self":[{"href":"https:\/\/8roomsmadrid.com\/en\/wp-json\/wp\/v2\/pages\/879"}],"collection":[{"href":"https:\/\/8roomsmadrid.com\/en\/wp-json\/wp\/v2\/pages"}],"about":[{"href":"https:\/\/8roomsmadrid.com\/en\/wp-json\/wp\/v2\/types\/page"}],"author":[{"embeddable":true,"href":"https:\/\/8roomsmadrid.com\/en\/wp-json\/wp\/v2\/users\/4"}],"replies":[{"embeddable":true,"href":"https:\/\/8roomsmadrid.com\/en\/wp-json\/wp\/v2\/comments?post=879"}],"version-history":[{"count":2,"href":"https:\/\/8roomsmadrid.com\/en\/wp-json\/wp\/v2\/pages\/879\/revisions"}],"predecessor-version":[{"id":1564,"href":"https:\/\/8roomsmadrid.com\/en\/wp-json\/wp\/v2\/pages\/879\/revisions\/1564"}],"wp:attachment":[{"href":"https:\/\/8roomsmadrid.com\/en\/wp-json\/wp\/v2\/media?parent=879"}],"curies":[{"name":"wp","href":"https:\/\/api.w.org\/{rel}","templated":true}]}}