{"id":433,"date":"2018-01-25T13:19:07","date_gmt":"2018-01-25T13:19:07","guid":{"rendered":"https:\/\/8roomsmadrid.com\/aviso-legal-y-politica-de-privacidad-2\/"},"modified":"2021-01-11T16:34:33","modified_gmt":"2021-01-11T16:34:33","slug":"aviso-legal-y-politica-de-privacidad","status":"publish","type":"page","link":"https:\/\/8roomsmadrid.com\/en\/aviso-legal-y-politica-de-privacidad\/","title":{"rendered":"Aviso Legal y Pol\u00edtica de Privacidad"},"content":{"rendered":"<h1><span style=\"font-size: 10.5pt;\">Aviso legal Y POLITICA DE PRIVACIDAD<\/span><\/h1>\n<div>\n<p class=\"ox-00967dc98c-MsoNormal\">En cumplimiento de la Ley 34\/2002, de 11 de Julio, de Servicios de la Sociedad de la Informaci\u00f3n y de Comercio Electr\u00f3nico, le informamos de que\u00a0<b>MARIA COLOMINA con NIF 53388340G y en adelante 8ROOMS<\/b>, con domicilio en <a href=\"https:\/\/maps.google.com\/?q=PASEO+REINA+CRISTINA+8,+%C2%A0MADRID&amp;entry=gmail&amp;source=g\" target=\"_blank\" rel=\"noopener\">PASEO REINA CRISTINA 8, <\/a>\u00a0<a href=\"https:\/\/maps.google.com\/?q=PASEO+REINA+CRISTINA+8,+%C2%A0MADRID&amp;entry=gmail&amp;source=g\" target=\"_blank\" rel=\"noopener\">MADRID<\/a>\u00a0, es titular de este sitio Web. Esta informaci\u00f3n estar\u00e1 siempre claramente visible y disponible en nuestra web, siendo de acceso p\u00fablico.<\/p>\n<\/div>\n<div>\n<p class=\"ox-00967dc98c-MsoNormal\">De conformidad con lo establecido en la Ley Org\u00e1nica 15\/1999, de Protecci\u00f3n de Datos de Car\u00e1cter Personal, en caso de que nos env\u00ede alg\u00fan correo electr\u00f3nico a la direcci\u00f3n indicada en la misma, o rellene alg\u00fan formulario de recogida de datos, le informamos de que los datos de car\u00e1cter personal que nos proporcione, ser\u00e1n registrados en el fichero del que es responsable\u00a0<b>8ROOMS<\/b>\u00a0 con la finalidad de gestionar su consulta, mantener una relaci\u00f3n comercial y ofrecerle nuestros servicios de consultor\u00eda y formaci\u00f3n, as\u00ed como para el env\u00edo por cualquier medio, incluso por correo electr\u00f3nico u otro medio de comunicaci\u00f3n electr\u00f3nica equivalente informaciones publicitarias o promocionales sobre los productos o servicios de la Empresa.<\/p>\n<\/div>\n<div>\n<p class=\"ox-00967dc98c-MsoNormal\">Usted podr\u00e1 oponerse al tratamiento de sus datos con fines publicitarios y ejercitar los derechos de acceso, rectificaci\u00f3n, cancelaci\u00f3n y oposici\u00f3n, de conformidad con lo establecido en la legislaci\u00f3n vigente, mediante comunicaci\u00f3n escrita a la siguiente direcci\u00f3n:\u00a0\u00a0<a href=\"https:\/\/maps.google.com\/?q=PASEO+REINA+CRISTINA+8,+%C2%A0MADRID&amp;entry=gmail&amp;source=g\" target=\"_blank\" rel=\"noopener\">PASEO REINA CRISTINA 8, <\/a>\u00a0<a href=\"https:\/\/maps.google.com\/?q=PASEO+REINA+CRISTINA+8,+%C2%A0MADRID&amp;entry=gmail&amp;source=g\" target=\"_blank\" rel=\"noopener\">MADRID<\/a>\u00a0o a la direcci\u00f3n de correo electr\u00f3nico\u00a0<a class=\"mailto-link\" href=\"mailto:LOPD@CACTUS.COM\" target=\"_blank\" rel=\"noopener\">info@8roomsmadrid.com<\/a><\/p>\n<\/div>\n<div>\n<p class=\"ox-00967dc98c-MsoNormal\"><b>8ROOMS<\/b>, declara haber adoptado todas las medidas de seguridad necesarias y adecuadas a lo establecido en el Real Decreto 1720\/2007, de 21 de diciembre, por el que se aprueba el Reglamento de desarrollo de la LOPD y ha establecido todos los medios t\u00e9cnicos a su alcance con la intenci\u00f3n de evitar la p\u00e9rdida, mal uso, alteraci\u00f3n, acceso no autorizado o robo de los datos que Vd. Facilite. Adicionalmente la empresa y esta p\u00e1gina web se han adaptado y cumplen con todos los requisitos referentes a la Ley 2\/2011 de 5 de marzo de econom\u00eda sostenible y sus modificaciones de la ley org\u00e1nica 15\/1999 de protecci\u00f3n de datos de car\u00e1cter personal y al Real Decreto 13\/2012 de 30 de marzo por el que se modifica la Ley 34\/2002 de servicios de la sociedad de la informaci\u00f3n y comercio electr\u00f3nico LSSICE.<\/p>\n<\/div>\n<div>\n<p class=\"ox-00967dc98c-MsoNormal\">Todos los contenidos incluidos en la P\u00e1gina Web y en particular las marcas, nombres comerciales, dise\u00f1os industriales, dise\u00f1os, textos, fotograf\u00edas, gr\u00e1ficos, logotipos, iconos, software o cualesquiera otros signos susceptibles de utilizaci\u00f3n industrial y comercial est\u00e1n protegidos por derechos de propiedad industrial e intelectual de\u00a0<b>8ROOMS<\/b>\u00a0 Queda por lo tanto prohibida cualquier utilizaci\u00f3n, y\/o reproducci\u00f3n de los mismos sin consentimiento expreso de la Empresa.<\/p>\n<\/div>\n<div>\n<p class=\"ox-00967dc98c-MsoNormal\"><b>8ROOMS<\/b>\u00a0no ser\u00e1 responsable de la infracci\u00f3n de los derechos de propiedad intelectual o industrial de terceros que pudieran derivarse de la inclusi\u00f3n en la P\u00e1gina Web de marcas, nombres comerciales, dise\u00f1os industriales, patentes, dise\u00f1os, textos, fotograf\u00edas, gr\u00e1ficos, logotipos, iconos o software pertenecientes a terceros que hayan declarado ser titulares de los mismos al incluirlos en la P\u00e1gina Web.<\/p>\n<\/div>\n<div>\n<p class=\"ox-00967dc98c-MsoNormal\">El Usuario se obliga a usar los contenidos de la P\u00e1gina Web de forma diligente, correcta y l\u00edcita y se compromete a abstenerse de:<\/p>\n<\/div>\n<div>\n<p class=\"ox-00967dc98c-MsoNormal\">a) Utilizar los contenidos con fines o efectos contrarios a la ley, a la moral y a las buenas costumbres o al orden p\u00fablico.<\/p>\n<\/div>\n<div>\n<p class=\"ox-00967dc98c-MsoNormal\">b) Reproducir, copiar, distribuir, permitir el acceso del p\u00fablico a trav\u00e9s de cualquier modalidad de comunicaci\u00f3n p\u00fablica, transformar o modificar los contenidos, a menos que se cuente con la correspondiente autorizaci\u00f3n de su titular.<\/p>\n<\/div>\n<div>\n<p class=\"ox-00967dc98c-MsoNormal\">c) Utilizar los contenidos de la P\u00e1gina Web para remitir publicidad, comunicaciones con fines de venta directa o con cualquier otra clase de finalidad comercial, mensajes no solicitados dirigidos a una pluralidad de personas con independencia de su finalidad, as\u00ed como a abstenerse de comercializar o divulgar de cualquier modo dicha informaci\u00f3n.<\/p>\n<\/div>\n<div>\n<p class=\"ox-00967dc98c-MsoNormal\">En caso de conflicto de cualquier \u00edndole, ambas partes intentar\u00e1n llegar a un acuerdo pac\u00edfico. No siendo posible, los Tribunales de MADRID tendr\u00e1n la competencia para conocer el caso, no siendo posible acudir a otro fuero para ejercitar la acci\u00f3n.<\/p>\n<\/div>\n<p>LOS USUARIOS QUE NO EST\u00c9N DE ACUERDO CON ESTA POL\u00cdTICA NO DEBEN INTRODUCIR NING\u00daN DATO A TRAV\u00c9S DE ESTE SITIO WEB, NI ACCEDER AL CONTENIDO DE ESTA WEB.<\/p>\n","protected":false},"excerpt":{"rendered":"<p>Aviso legal Y POLITICA DE PRIVACIDAD En cumplimiento de la Ley 34\/2002, de 11 de Julio, de Servicios de la Sociedad de la Informaci\u00f3n y de Comercio Electr\u00f3nico, le informamos de que\u00a0MARIA COLOMINA con NIF 53388340G y en adelante 8ROOMS, con domicilio en PASEO REINA CRISTINA 8, \u00a0MADRID\u00a0, es titular de este sitio Web. Esta [&hellip;]<\/p>\n","protected":false},"author":4,"featured_media":0,"parent":0,"menu_order":0,"comment_status":"closed","ping_status":"open","template":"","meta":{"_et_pb_use_builder":"","_et_pb_old_content":"","_et_gb_content_width":"","footnotes":""},"class_list":["post-433","page","type-page","status-publish","hentry"],"yoast_head":"<!-- This site is optimized with the Yoast SEO plugin v23.5 - https:\/\/yoast.com\/wordpress\/plugins\/seo\/ -->\n<title>Aviso Legal y Pol\u00edtica de Privacidad - 8 Rooms habitaciones Madrid Atocha<\/title>\n<meta name=\"robots\" content=\"index, follow, max-snippet:-1, max-image-preview:large, max-video-preview:-1\" \/>\n<link rel=\"canonical\" href=\"https:\/\/8roomsmadrid.com\/en\/aviso-legal-y-politica-de-privacidad\/\" \/>\n<meta property=\"og:locale\" content=\"en_US\" \/>\n<meta property=\"og:type\" content=\"article\" \/>\n<meta property=\"og:title\" content=\"Aviso Legal y Pol\u00edtica de Privacidad - 8 Rooms habitaciones Madrid Atocha\" \/>\n<meta property=\"og:description\" content=\"Aviso legal Y POLITICA DE PRIVACIDAD En cumplimiento de la Ley 34\/2002, de 11 de Julio, de Servicios de la Sociedad de la Informaci\u00f3n y de Comercio Electr\u00f3nico, le informamos de que\u00a0MARIA COLOMINA con NIF 53388340G y en adelante 8ROOMS, con domicilio en PASEO REINA CRISTINA 8, \u00a0MADRID\u00a0, es titular de este sitio Web. Esta [&hellip;]\" \/>\n<meta property=\"og:url\" content=\"https:\/\/8roomsmadrid.com\/en\/aviso-legal-y-politica-de-privacidad\/\" \/>\n<meta property=\"og:site_name\" content=\"8 Rooms habitaciones Madrid Atocha\" \/>\n<meta property=\"article:modified_time\" content=\"2021-01-11T16:34:33+00:00\" \/>\n<meta name=\"twitter:card\" content=\"summary_large_image\" \/>\n<meta name=\"twitter:label1\" content=\"Est. reading time\" \/>\n\t<meta name=\"twitter:data1\" content=\"4 minutes\" \/>\n<script type=\"application\/ld+json\" class=\"yoast-schema-graph\">{\"@context\":\"https:\/\/schema.org\",\"@graph\":[{\"@type\":\"WebPage\",\"@id\":\"https:\/\/8roomsmadrid.com\/en\/aviso-legal-y-politica-de-privacidad\/\",\"url\":\"https:\/\/8roomsmadrid.com\/en\/aviso-legal-y-politica-de-privacidad\/\",\"name\":\"Aviso Legal y Pol\u00edtica de Privacidad - 8 Rooms habitaciones Madrid Atocha\",\"isPartOf\":{\"@id\":\"https:\/\/8roomsmadrid.com\/#website\"},\"datePublished\":\"2018-01-25T13:19:07+00:00\",\"dateModified\":\"2021-01-11T16:34:33+00:00\",\"breadcrumb\":{\"@id\":\"https:\/\/8roomsmadrid.com\/en\/aviso-legal-y-politica-de-privacidad\/#breadcrumb\"},\"inLanguage\":\"en-US\",\"potentialAction\":[{\"@type\":\"ReadAction\",\"target\":[\"https:\/\/8roomsmadrid.com\/en\/aviso-legal-y-politica-de-privacidad\/\"]}]},{\"@type\":\"BreadcrumbList\",\"@id\":\"https:\/\/8roomsmadrid.com\/en\/aviso-legal-y-politica-de-privacidad\/#breadcrumb\",\"itemListElement\":[{\"@type\":\"ListItem\",\"position\":1,\"name\":\"Portada\",\"item\":\"https:\/\/8roomsmadrid.com\/\"},{\"@type\":\"ListItem\",\"position\":2,\"name\":\"Aviso Legal y Pol\u00edtica de Privacidad\"}]},{\"@type\":\"WebSite\",\"@id\":\"https:\/\/8roomsmadrid.com\/#website\",\"url\":\"https:\/\/8roomsmadrid.com\/\",\"name\":\"8 Rooms habitaciones Madrid Atocha\",\"description\":\"Alojamiento en Madrid centro Atocha\",\"potentialAction\":[{\"@type\":\"SearchAction\",\"target\":{\"@type\":\"EntryPoint\",\"urlTemplate\":\"https:\/\/8roomsmadrid.com\/?s={search_term_string}\"},\"query-input\":{\"@type\":\"PropertyValueSpecification\",\"valueRequired\":true,\"valueName\":\"search_term_string\"}}],\"inLanguage\":\"en-US\"}]}<\/script>\n<!-- \/ Yoast SEO plugin. -->","yoast_head_json":{"title":"Aviso Legal y Pol\u00edtica de Privacidad - 8 Rooms habitaciones Madrid Atocha","robots":{"index":"index","follow":"follow","max-snippet":"max-snippet:-1","max-image-preview":"max-image-preview:large","max-video-preview":"max-video-preview:-1"},"canonical":"https:\/\/8roomsmadrid.com\/en\/aviso-legal-y-politica-de-privacidad\/","og_locale":"en_US","og_type":"article","og_title":"Aviso Legal y Pol\u00edtica de Privacidad - 8 Rooms habitaciones Madrid Atocha","og_description":"Aviso legal Y POLITICA DE PRIVACIDAD En cumplimiento de la Ley 34\/2002, de 11 de Julio, de Servicios de la Sociedad de la Informaci\u00f3n y de Comercio Electr\u00f3nico, le informamos de que\u00a0MARIA COLOMINA con NIF 53388340G y en adelante 8ROOMS, con domicilio en PASEO REINA CRISTINA 8, \u00a0MADRID\u00a0, es titular de este sitio Web. Esta [&hellip;]","og_url":"https:\/\/8roomsmadrid.com\/en\/aviso-legal-y-politica-de-privacidad\/","og_site_name":"8 Rooms habitaciones Madrid Atocha","article_modified_time":"2021-01-11T16:34:33+00:00","twitter_card":"summary_large_image","twitter_misc":{"Est. reading time":"4 minutes"},"schema":{"@context":"https:\/\/schema.org","@graph":[{"@type":"WebPage","@id":"https:\/\/8roomsmadrid.com\/en\/aviso-legal-y-politica-de-privacidad\/","url":"https:\/\/8roomsmadrid.com\/en\/aviso-legal-y-politica-de-privacidad\/","name":"Aviso Legal y Pol\u00edtica de Privacidad - 8 Rooms habitaciones Madrid Atocha","isPartOf":{"@id":"https:\/\/8roomsmadrid.com\/#website"},"datePublished":"2018-01-25T13:19:07+00:00","dateModified":"2021-01-11T16:34:33+00:00","breadcrumb":{"@id":"https:\/\/8roomsmadrid.com\/en\/aviso-legal-y-politica-de-privacidad\/#breadcrumb"},"inLanguage":"en-US","potentialAction":[{"@type":"ReadAction","target":["https:\/\/8roomsmadrid.com\/en\/aviso-legal-y-politica-de-privacidad\/"]}]},{"@type":"BreadcrumbList","@id":"https:\/\/8roomsmadrid.com\/en\/aviso-legal-y-politica-de-privacidad\/#breadcrumb","itemListElement":[{"@type":"ListItem","position":1,"name":"Portada","item":"https:\/\/8roomsmadrid.com\/"},{"@type":"ListItem","position":2,"name":"Aviso Legal y Pol\u00edtica de Privacidad"}]},{"@type":"WebSite","@id":"https:\/\/8roomsmadrid.com\/#website","url":"https:\/\/8roomsmadrid.com\/","name":"8 Rooms habitaciones Madrid Atocha","description":"Alojamiento en Madrid centro Atocha","potentialAction":[{"@type":"SearchAction","target":{"@type":"EntryPoint","urlTemplate":"https:\/\/8roomsmadrid.com\/?s={search_term_string}"},"query-input":{"@type":"PropertyValueSpecification","valueRequired":true,"valueName":"search_term_string"}}],"inLanguage":"en-US"}]}},"_links":{"self":[{"href":"https:\/\/8roomsmadrid.com\/en\/wp-json\/wp\/v2\/pages\/433"}],"collection":[{"href":"https:\/\/8roomsmadrid.com\/en\/wp-json\/wp\/v2\/pages"}],"about":[{"href":"https:\/\/8roomsmadrid.com\/en\/wp-json\/wp\/v2\/types\/page"}],"author":[{"embeddable":true,"href":"https:\/\/8roomsmadrid.com\/en\/wp-json\/wp\/v2\/users\/4"}],"replies":[{"embeddable":true,"href":"https:\/\/8roomsmadrid.com\/en\/wp-json\/wp\/v2\/comments?post=433"}],"version-history":[{"count":1,"href":"https:\/\/8roomsmadrid.com\/en\/wp-json\/wp\/v2\/pages\/433\/revisions"}],"predecessor-version":[{"id":1140,"href":"https:\/\/8roomsmadrid.com\/en\/wp-json\/wp\/v2\/pages\/433\/revisions\/1140"}],"wp:attachment":[{"href":"https:\/\/8roomsmadrid.com\/en\/wp-json\/wp\/v2\/media?parent=433"}],"curies":[{"name":"wp","href":"https:\/\/api.w.org\/{rel}","templated":true}]}}